{"id":18068,"date":"2025-01-10T13:07:41","date_gmt":"2025-01-10T13:07:41","guid":{"rendered":"https:\/\/piktuu.com\/?page_id=18068"},"modified":"2025-03-20T08:17:31","modified_gmt":"2025-03-20T08:17:31","slug":"piktuu-shop","status":"publish","type":"page","link":"https:\/\/piktuu.com\/en\/piktuu-shop\/","title":{"rendered":"Shop"},"content":{"rendered":"<div data-elementor-type=\"wp-page\" data-elementor-id=\"18068\" class=\"elementor elementor-18068\" data-elementor-post-type=\"page\">\n\t\t\t\t\t\t<section class=\"elementor-section elementor-top-section elementor-element elementor-element-6c186a5 elementor-section-height-min-height elementor-section-boxed elementor-section-height-default elementor-section-items-middle\" data-id=\"6c186a5\" data-element_type=\"section\" data-settings=\"{&quot;background_background&quot;:&quot;classic&quot;}\">\n\t\t\t\t\t\t\t<div class=\"elementor-background-overlay\"><\/div>\n\t\t\t\t\t\t\t<div class=\"elementor-container elementor-column-gap-default\">\n\t\t\t\t\t<div class=\"elementor-column elementor-col-100 elementor-top-column elementor-element elementor-element-8fdd084\" data-id=\"8fdd084\" data-element_type=\"column\">\n\t\t\t<div class=\"elementor-widget-wrap elementor-element-populated\">\n\t\t\t\t\t\t<div class=\"elementor-element elementor-element-1e6b7bf elementor-widget elementor-widget-heading\" data-id=\"1e6b7bf\" data-element_type=\"widget\" data-widget_type=\"heading.default\">\n\t\t\t\t<div class=\"elementor-widget-container\">\n\t\t\t\t\t<h1 class=\"elementor-heading-title elementor-size-default\">Kommunikationshilfen f\u00fcr jede Situation<\/h1>\t\t\t\t<\/div>\n\t\t\t\t<\/div>\n\t\t\t\t<div class=\"elementor-element elementor-element-79c0a9d elementor-widget elementor-widget-heading\" data-id=\"79c0a9d\" data-element_type=\"widget\" data-widget_type=\"heading.default\">\n\t\t\t\t<div class=\"elementor-widget-container\">\n\t\t\t\t\t<p class=\"elementor-heading-title elementor-size-default\">Finden Sie die passenden Tools f\u00fcr nonverbale Kommunikation<\/p>\t\t\t\t<\/div>\n\t\t\t\t<\/div>\n\t\t\t\t\t<\/div>\n\t\t<\/div>\n\t\t\t\t\t<\/div>\n\t\t<\/section>\n\t\t\t\t<section class=\"elementor-section elementor-top-section elementor-element elementor-element-ddead18 elementor-section-boxed elementor-section-height-default elementor-section-height-default\" data-id=\"ddead18\" data-element_type=\"section\">\n\t\t\t\t\t\t<div class=\"elementor-container elementor-column-gap-default\">\n\t\t\t\t\t<div class=\"elementor-column elementor-col-33 elementor-top-column elementor-element elementor-element-0209ae9\" data-id=\"0209ae9\" data-element_type=\"column\">\n\t\t\t<div class=\"elementor-widget-wrap elementor-element-populated\">\n\t\t\t\t\t\t<section class=\"elementor-section elementor-inner-section elementor-element elementor-element-31878fd elementor-section-boxed elementor-section-height-default elementor-section-height-default\" data-id=\"31878fd\" data-element_type=\"section\" data-settings=\"{&quot;background_background&quot;:&quot;classic&quot;}\">\n\t\t\t\t\t\t<div class=\"elementor-container elementor-column-gap-default\">\n\t\t\t\t\t<div class=\"elementor-column elementor-col-100 elementor-inner-column elementor-element elementor-element-11da544\" data-id=\"11da544\" data-element_type=\"column\">\n\t\t\t<div class=\"elementor-widget-wrap elementor-element-populated\">\n\t\t\t\t\t\t<div class=\"elementor-element elementor-element-bdebf17 elementor-widget elementor-widget-image\" data-id=\"bdebf17\" data-element_type=\"widget\" data-widget_type=\"image.default\">\n\t\t\t\t<div class=\"elementor-widget-container\">\n\t\t\t\t\t\t\t\t\t\t\t\t\t\t\t<img fetchpriority=\"high\" decoding=\"async\" width=\"700\" height=\"700\" src=\"https:\/\/piktuu.com\/wp-content\/uploads\/2024\/12\/piktuu-health-mock-FRONT-Neutral-trans.png\" class=\"attachment-large size-large wp-image-18632\" alt=\"\" srcset=\"https:\/\/piktuu.com\/wp-content\/uploads\/2024\/12\/piktuu-health-mock-FRONT-Neutral-trans.png 700w, https:\/\/piktuu.com\/wp-content\/uploads\/2024\/12\/piktuu-health-mock-FRONT-Neutral-trans-300x300.png 300w, https:\/\/piktuu.com\/wp-content\/uploads\/2024\/12\/piktuu-health-mock-FRONT-Neutral-trans-150x150.png 150w, https:\/\/piktuu.com\/wp-content\/uploads\/2024\/12\/piktuu-health-mock-FRONT-Neutral-trans-12x12.png 12w, https:\/\/piktuu.com\/wp-content\/uploads\/2024\/12\/piktuu-health-mock-FRONT-Neutral-trans-299x299.png 299w, https:\/\/piktuu.com\/wp-content\/uploads\/2024\/12\/piktuu-health-mock-FRONT-Neutral-trans-600x600.png 600w, https:\/\/piktuu.com\/wp-content\/uploads\/2024\/12\/piktuu-health-mock-FRONT-Neutral-trans-100x100.png 100w\" sizes=\"(max-width: 700px) 100vw, 700px\" title=\"\">\t\t\t\t\t\t\t\t\t\t\t\t\t\t\t<\/div>\n\t\t\t\t<\/div>\n\t\t\t\t<div class=\"elementor-element elementor-element-708df58 elementor-widget elementor-widget-heading\" data-id=\"708df58\" data-element_type=\"widget\" data-widget_type=\"heading.default\">\n\t\t\t\t<div class=\"elementor-widget-container\">\n\t\t\t\t\t<h2 class=\"elementor-heading-title elementor-size-default\">Buch: Health &amp; Care <\/h2>\t\t\t\t<\/div>\n\t\t\t\t<\/div>\n\t\t\t\t<div class=\"elementor-element elementor-element-c1c6f62 elementor-widget elementor-widget-text-editor\" data-id=\"c1c6f62\" data-element_type=\"widget\" data-widget_type=\"text-editor.default\">\n\t\t\t\t<div class=\"elementor-widget-container\">\n\t\t\t\t\t\t\t\t\t<p><span class=\"elementor-icon-list-text\">Vereinfachte Patientenkommunikation f\u00fcr<\/span><span class=\"elementor-icon-list-text\"> \u00c4rzte, Pflegekr\u00e4fte und Angeh\u00f6rige.<\/span><\/p>\t\t\t\t\t\t\t\t<\/div>\n\t\t\t\t<\/div>\n\t\t\t\t<div class=\"elementor-element elementor-element-129c451 elementor-widget elementor-widget-text-editor\" data-id=\"129c451\" data-element_type=\"widget\" data-widget_type=\"text-editor.default\">\n\t\t\t\t<div class=\"elementor-widget-container\">\n\t\t\t\t\t\t\t\t\t<p><span style=\"font-size: 19px; font-weight: 600; color: #dc5834;\">Ab 11,34 \u20ac<\/span><\/p>\t\t\t\t\t\t\t\t<\/div>\n\t\t\t\t<\/div>\n\t\t\t\t<div class=\"elementor-element elementor-element-a56c06f elementor-mobile_extra-align-justify elementor-widget elementor-widget-button\" data-id=\"a56c06f\" data-element_type=\"widget\" data-widget_type=\"button.default\">\n\t\t\t\t<div class=\"elementor-widget-container\">\n\t\t\t\t\t\t\t\t\t<div class=\"elementor-button-wrapper\">\n\t\t\t\t\t<a class=\"elementor-button elementor-button-link elementor-size-sm\" href=\"https:\/\/piktuu.com\/health-care\/#kaufen\">\n\t\t\t\t\t\t<span class=\"elementor-button-content-wrapper\">\n\t\t\t\t\t\t\t\t\t<span class=\"elementor-button-text\">Jetzt bestellen<\/span>\n\t\t\t\t\t<\/span>\n\t\t\t\t\t<\/a>\n\t\t\t\t<\/div>\n\t\t\t\t\t\t\t\t<\/div>\n\t\t\t\t<\/div>\n\t\t\t\t\t<\/div>\n\t\t<\/div>\n\t\t\t\t\t<\/div>\n\t\t<\/section>\n\t\t\t\t\t<\/div>\n\t\t<\/div>\n\t\t\t\t<div class=\"elementor-column elementor-col-33 elementor-top-column elementor-element elementor-element-fa07101\" data-id=\"fa07101\" data-element_type=\"column\">\n\t\t\t<div class=\"elementor-widget-wrap elementor-element-populated\">\n\t\t\t\t\t\t<section class=\"elementor-section elementor-inner-section elementor-element elementor-element-2e0a5b1 elementor-section-boxed elementor-section-height-default elementor-section-height-default\" data-id=\"2e0a5b1\" data-element_type=\"section\">\n\t\t\t\t\t\t<div class=\"elementor-container elementor-column-gap-default\">\n\t\t\t\t\t<div class=\"elementor-column elementor-col-100 elementor-inner-column elementor-element elementor-element-205b042\" data-id=\"205b042\" data-element_type=\"column\" data-settings=\"{&quot;background_background&quot;:&quot;classic&quot;}\">\n\t\t\t<div class=\"elementor-widget-wrap elementor-element-populated\">\n\t\t\t\t\t\t<div class=\"elementor-element elementor-element-b345074 elementor-widget elementor-widget-image\" data-id=\"b345074\" data-element_type=\"widget\" data-widget_type=\"image.default\">\n\t\t\t\t<div class=\"elementor-widget-container\">\n\t\t\t\t\t\t\t\t\t\t\t\t\t\t\t<img decoding=\"async\" width=\"700\" height=\"700\" src=\"https:\/\/piktuu.com\/wp-content\/uploads\/2025\/01\/piktuu-Refugee-Translator-mock-mix.png\" class=\"attachment-large size-large wp-image-18640\" alt=\"\" srcset=\"https:\/\/piktuu.com\/wp-content\/uploads\/2025\/01\/piktuu-Refugee-Translator-mock-mix.png 700w, https:\/\/piktuu.com\/wp-content\/uploads\/2025\/01\/piktuu-Refugee-Translator-mock-mix-300x300.png 300w, https:\/\/piktuu.com\/wp-content\/uploads\/2025\/01\/piktuu-Refugee-Translator-mock-mix-150x150.png 150w, https:\/\/piktuu.com\/wp-content\/uploads\/2025\/01\/piktuu-Refugee-Translator-mock-mix-12x12.png 12w, https:\/\/piktuu.com\/wp-content\/uploads\/2025\/01\/piktuu-Refugee-Translator-mock-mix-299x299.png 299w, https:\/\/piktuu.com\/wp-content\/uploads\/2025\/01\/piktuu-Refugee-Translator-mock-mix-600x600.png 600w, https:\/\/piktuu.com\/wp-content\/uploads\/2025\/01\/piktuu-Refugee-Translator-mock-mix-100x100.png 100w\" sizes=\"(max-width: 700px) 100vw, 700px\" title=\"\">\t\t\t\t\t\t\t\t\t\t\t\t\t\t\t<\/div>\n\t\t\t\t<\/div>\n\t\t\t\t<div class=\"elementor-element elementor-element-d79f628 elementor-widget elementor-widget-heading\" data-id=\"d79f628\" data-element_type=\"widget\" data-widget_type=\"heading.default\">\n\t\t\t\t<div class=\"elementor-widget-container\">\n\t\t\t\t\t<h2 class=\"elementor-heading-title elementor-size-default\">Buch: Refugee Translator<\/h2>\t\t\t\t<\/div>\n\t\t\t\t<\/div>\n\t\t\t\t<div class=\"elementor-element elementor-element-7f0416c elementor-widget elementor-widget-text-editor\" data-id=\"7f0416c\" data-element_type=\"widget\" data-widget_type=\"text-editor.default\">\n\t\t\t\t<div class=\"elementor-widget-container\">\n\t\t\t\t\t\t\t\t\t<p>Hilfe zur Verst\u00e4ndigung und Integration. Der <em>PIKTUU | Refugee Translator<\/em> hilft bei Sprachbarrieren sofort.<\/p>\t\t\t\t\t\t\t\t<\/div>\n\t\t\t\t<\/div>\n\t\t\t\t<div class=\"elementor-element elementor-element-11a9b2e elementor-widget elementor-widget-text-editor\" data-id=\"11a9b2e\" data-element_type=\"widget\" data-widget_type=\"text-editor.default\">\n\t\t\t\t<div class=\"elementor-widget-container\">\n\t\t\t\t\t\t\t\t\t<p><span style=\"font-size: 19px; font-weight: 600; color: #dc5834;\">Ab 9,52 \u20ac<\/span><\/p>\t\t\t\t\t\t\t\t<\/div>\n\t\t\t\t<\/div>\n\t\t\t\t<div class=\"elementor-element elementor-element-59e9e0d elementor-mobile_extra-align-justify elementor-widget elementor-widget-button\" data-id=\"59e9e0d\" data-element_type=\"widget\" data-widget_type=\"button.default\">\n\t\t\t\t<div class=\"elementor-widget-container\">\n\t\t\t\t\t\t\t\t\t<div class=\"elementor-button-wrapper\">\n\t\t\t\t\t<a class=\"elementor-button elementor-button-link elementor-size-sm\" href=\"https:\/\/piktuu.com\/refugee-translator\/#kaufen\">\n\t\t\t\t\t\t<span class=\"elementor-button-content-wrapper\">\n\t\t\t\t\t\t\t\t\t<span class=\"elementor-button-text\">Jetzt bestellen<\/span>\n\t\t\t\t\t<\/span>\n\t\t\t\t\t<\/a>\n\t\t\t\t<\/div>\n\t\t\t\t\t\t\t\t<\/div>\n\t\t\t\t<\/div>\n\t\t\t\t\t<\/div>\n\t\t<\/div>\n\t\t\t\t\t<\/div>\n\t\t<\/section>\n\t\t\t\t\t<\/div>\n\t\t<\/div>\n\t\t\t\t<div class=\"elementor-column elementor-col-33 elementor-top-column elementor-element elementor-element-5a6ece2\" data-id=\"5a6ece2\" data-element_type=\"column\">\n\t\t\t<div class=\"elementor-widget-wrap elementor-element-populated\">\n\t\t\t\t\t\t<section class=\"elementor-section elementor-inner-section elementor-element elementor-element-dcdc093 elementor-section-boxed elementor-section-height-default elementor-section-height-default\" data-id=\"dcdc093\" data-element_type=\"section\" data-settings=\"{&quot;background_background&quot;:&quot;classic&quot;}\">\n\t\t\t\t\t\t<div class=\"elementor-container elementor-column-gap-default\">\n\t\t\t\t\t<div class=\"elementor-column elementor-col-100 elementor-inner-column elementor-element elementor-element-49aae33\" data-id=\"49aae33\" data-element_type=\"column\" data-settings=\"{&quot;background_background&quot;:&quot;classic&quot;}\">\n\t\t\t<div class=\"elementor-widget-wrap elementor-element-populated\">\n\t\t\t\t\t\t<div class=\"elementor-element elementor-element-e773570 elementor-widget elementor-widget-image\" data-id=\"e773570\" data-element_type=\"widget\" data-widget_type=\"image.default\">\n\t\t\t\t<div class=\"elementor-widget-container\">\n\t\t\t\t\t\t\t\t\t\t\t\t\t\t\t<img decoding=\"async\" width=\"800\" height=\"534\" src=\"https:\/\/piktuu.com\/wp-content\/uploads\/2024\/06\/piktuu-poster-arzt.jpg\" class=\"attachment-large size-large wp-image-15365\" alt=\"Kommunikationshilfe wo Sie jeder sehen kann! Unser Piktogrammposter erleichtern die Verst\u00e4ndigung in Einrichtungen wie \u00c4mtern, Krankenh\u00e4usern, Unterk\u00fcnften uvm. - Communication aid where everyone can see you! Our pictogram posters make it easier to communicate in facilities such as offices, hospitals, accommodation centres and much more.\" srcset=\"https:\/\/piktuu.com\/wp-content\/uploads\/2024\/06\/piktuu-poster-arzt.jpg 1000w, https:\/\/piktuu.com\/wp-content\/uploads\/2024\/06\/piktuu-poster-arzt-300x200.jpg 300w, https:\/\/piktuu.com\/wp-content\/uploads\/2024\/06\/piktuu-poster-arzt-768x512.jpg 768w, https:\/\/piktuu.com\/wp-content\/uploads\/2024\/06\/piktuu-poster-arzt-600x400.jpg 600w\" sizes=\"(max-width: 800px) 100vw, 800px\" title=\"\">\t\t\t\t\t\t\t\t\t\t\t\t\t\t\t<\/div>\n\t\t\t\t<\/div>\n\t\t\t\t<div class=\"elementor-element elementor-element-f8808ca elementor-widget elementor-widget-heading\" data-id=\"f8808ca\" data-element_type=\"widget\" data-widget_type=\"heading.default\">\n\t\t\t\t<div class=\"elementor-widget-container\">\n\t\t\t\t\t<h2 class=\"elementor-heading-title elementor-size-default\">Poster: Refugee Translator <\/h2>\t\t\t\t<\/div>\n\t\t\t\t<\/div>\n\t\t\t\t<div class=\"elementor-element elementor-element-b88eb80 elementor-widget elementor-widget-text-editor\" data-id=\"b88eb80\" data-element_type=\"widget\" data-widget_type=\"text-editor.default\">\n\t\t\t\t<div class=\"elementor-widget-container\">\n\t\t\t\t\t\t\t\t\t<p>Verst\u00e4ndigung die jeder sieht. Ideal f\u00fcr Einrichtungen und Aufnahmezentren.&nbsp;<\/p>\t\t\t\t\t\t\t\t<\/div>\n\t\t\t\t<\/div>\n\t\t\t\t<div class=\"elementor-element elementor-element-1ed64a5 elementor-widget elementor-widget-text-editor\" data-id=\"1ed64a5\" data-element_type=\"widget\" data-widget_type=\"text-editor.default\">\n\t\t\t\t<div class=\"elementor-widget-container\">\n\t\t\t\t\t\t\t\t\t<p>&#8222;DE\/EN\/UKR&#8220; und &#8222;DE\/EN\/ARA&#8220;<\/p>\t\t\t\t\t\t\t\t<\/div>\n\t\t\t\t<\/div>\n\t\t\t\t<div class=\"elementor-element elementor-element-2b85ec6 elementor-widget elementor-widget-text-editor\" data-id=\"2b85ec6\" data-element_type=\"widget\" data-widget_type=\"text-editor.default\">\n\t\t\t\t<div class=\"elementor-widget-container\">\n\t\t\t\t\t\t\t\t\t<p><span style=\"font-size: 19px; font-weight: 600; color: #dc5834;\">Ab \u20ac55,08\u20ac <\/span>pro Set mit 5 Postern<\/p>\t\t\t\t\t\t\t\t<\/div>\n\t\t\t\t<\/div>\n\t\t\t\t<div class=\"elementor-element elementor-element-d45a700 elementor-mobile_extra-align-justify elementor-widget elementor-widget-button\" data-id=\"d45a700\" data-element_type=\"widget\" data-widget_type=\"button.default\">\n\t\t\t\t<div class=\"elementor-widget-container\">\n\t\t\t\t\t\t\t\t\t<div class=\"elementor-button-wrapper\">\n\t\t\t\t\t<a class=\"elementor-button elementor-button-link elementor-size-sm\" href=\"https:\/\/piktuu.com\/refugee-translator\/#poster\">\n\t\t\t\t\t\t<span class=\"elementor-button-content-wrapper\">\n\t\t\t\t\t\t\t\t\t<span class=\"elementor-button-text\">Jetzt bestellen<\/span>\n\t\t\t\t\t<\/span>\n\t\t\t\t\t<\/a>\n\t\t\t\t<\/div>\n\t\t\t\t\t\t\t\t<\/div>\n\t\t\t\t<\/div>\n\t\t\t\t\t<\/div>\n\t\t<\/div>\n\t\t\t\t\t<\/div>\n\t\t<\/section>\n\t\t\t\t\t<\/div>\n\t\t<\/div>\n\t\t\t\t\t<\/div>\n\t\t<\/section>\n\t\t\t\t<section class=\"elementor-section elementor-top-section elementor-element elementor-element-663e826 elementor-section-boxed elementor-section-height-default elementor-section-height-default\" data-id=\"663e826\" data-element_type=\"section\">\n\t\t\t\t\t\t<div class=\"elementor-container elementor-column-gap-default\">\n\t\t\t\t\t<div class=\"elementor-column elementor-col-100 elementor-top-column elementor-element elementor-element-48cdd3f\" data-id=\"48cdd3f\" data-element_type=\"column\">\n\t\t\t<div class=\"elementor-widget-wrap elementor-element-populated\">\n\t\t\t\t\t\t<div class=\"elementor-element elementor-element-d1dde79 elementor-widget elementor-widget-text-editor\" data-id=\"d1dde79\" data-element_type=\"widget\" data-widget_type=\"text-editor.default\">\n\t\t\t\t<div class=\"elementor-widget-container\">\n\t\t\t\t\t\t\t\t\t<p style=\"text-align: center;\">Staffelpreise bis zu einer Gro\u00dfauflage von 100.000 Exemplaren.<\/p><p style=\"text-align: center;\">Gerne erstellen wir Ihnen ein individuelles Angebot f\u00fcr gr\u00f6\u00dfere Mengen.<\/p><p style=\"text-align: center;\"><a href=\"https:\/\/piktuu.com\/kontakt\/\"> &gt; Anfrage<\/a><\/p>\t\t\t\t\t\t\t\t<\/div>\n\t\t\t\t<\/div>\n\t\t\t\t\t<\/div>\n\t\t<\/div>\n\t\t\t\t\t<\/div>\n\t\t<\/section>\n\t\t\t\t<\/div>","protected":false},"excerpt":{"rendered":"<p>Nutzen Sie unser handliches Piktogrammbuch als Sprach- und Kommunikationshilfe wenn Worte nicht weiterhelfen oder fehlen. Einfache Verst\u00e4ndigung mit Gefl\u00fcchteten und Menschen mit kommunikativen Benachteiligungen. F\u00fcr Organisationen und Einrichtungen.<\/p>","protected":false},"author":8,"featured_media":0,"parent":0,"menu_order":0,"comment_status":"closed","ping_status":"closed","template":"","meta":{"footnotes":""},"class_list":["post-18068","page","type-page","status-publish","hentry"],"_links":{"self":[{"href":"https:\/\/piktuu.com\/en\/wp-json\/wp\/v2\/pages\/18068","targetHints":{"allow":["GET"]}}],"collection":[{"href":"https:\/\/piktuu.com\/en\/wp-json\/wp\/v2\/pages"}],"about":[{"href":"https:\/\/piktuu.com\/en\/wp-json\/wp\/v2\/types\/page"}],"author":[{"embeddable":true,"href":"https:\/\/piktuu.com\/en\/wp-json\/wp\/v2\/users\/8"}],"replies":[{"embeddable":true,"href":"https:\/\/piktuu.com\/en\/wp-json\/wp\/v2\/comments?post=18068"}],"version-history":[{"count":0,"href":"https:\/\/piktuu.com\/en\/wp-json\/wp\/v2\/pages\/18068\/revisions"}],"wp:attachment":[{"href":"https:\/\/piktuu.com\/en\/wp-json\/wp\/v2\/media?parent=18068"}],"curies":[{"name":"wp","href":"https:\/\/api.w.org\/{rel}","templated":true}]}}