{"id":13926,"date":"2024-06-12T08:27:49","date_gmt":"2024-06-12T08:27:49","guid":{"rendered":"https:\/\/piktuu.com\/?post_type=product&#038;p=13926"},"modified":"2025-03-11T08:45:17","modified_gmt":"2025-03-11T08:45:17","slug":"refugee-translator-a4","status":"publish","type":"product","link":"https:\/\/piktuu.com\/de\/produkt\/refugee-translator-a4\/","title":{"rendered":"REFUGEE TRANSLATOR A6"},"content":{"rendered":"\t\t<div data-elementor-type=\"product-post\" data-elementor-id=\"13926\" class=\"elementor elementor-13926\" data-elementor-post-type=\"product\">\n\t\t\t\t\t\t<section class=\"elementor-section elementor-top-section elementor-element elementor-element-6a3bf732 elementor-section-boxed elementor-section-height-default elementor-section-height-default\" data-id=\"6a3bf732\" data-element_type=\"section\">\n\t\t\t\t\t\t<div class=\"elementor-container elementor-column-gap-default\">\n\t\t\t\t\t<div class=\"elementor-column elementor-col-100 elementor-top-column elementor-element elementor-element-46bd381a\" data-id=\"46bd381a\" data-element_type=\"column\">\n\t\t\t<div class=\"elementor-widget-wrap elementor-element-populated\">\n\t\t\t\t\t\t<div class=\"elementor-element elementor-element-53c97d74 elementor-widget elementor-widget-text-editor\" data-id=\"53c97d74\" data-element_type=\"widget\" data-widget_type=\"text-editor.default\">\n\t\t\t\t<div class=\"elementor-widget-container\">\n\t\t\t\t\t\t\t\t\t<p>Alle oder nur einzelne Themen. Sie entscheiden selbst und k\u00f6nnen diese Piktogrammsammlung auf jedem handels\u00fcblichen Drucker in beliebiger Anzahl ausdrucken und sofort einsetzen. Auf 25 Seiten im A4-Querformat k\u00f6nnen nahezu alle Alltagssituationen mit \u00fcber 1.500 sortierten Piktogrammen und Bildern kommuniziert werden, jeweils mit dreisprachiger \u00dcbersetzung in&#8230;.<\/p><p>\u00a0<\/p><ul><li>DEU\/ARA\/ENGL<\/li><\/ul><p>\u00a0<\/p><ul><li>DEU\/UKR\/ENGL<\/li><\/ul>\t\t\t\t\t\t\t\t<\/div>\n\t\t\t\t<\/div>\n\t\t\t\t\t<\/div>\n\t\t<\/div>\n\t\t\t\t\t<\/div>\n\t\t<\/section>\n\t\t\t\t<section class=\"elementor-section elementor-top-section elementor-element elementor-element-9b3ea14 elementor-section-boxed elementor-section-height-default elementor-section-height-default\" data-id=\"9b3ea14\" data-element_type=\"section\">\n\t\t\t\t\t\t<div class=\"elementor-container elementor-column-gap-default\">\n\t\t\t\t\t<div class=\"elementor-column elementor-col-100 elementor-top-column elementor-element elementor-element-ce6c341\" data-id=\"ce6c341\" data-element_type=\"column\">\n\t\t\t<div class=\"elementor-widget-wrap elementor-element-populated\">\n\t\t\t\t\t\t<div class=\"elementor-element elementor-element-5b2c4c4 elementor-widget elementor-widget-image\" data-id=\"5b2c4c4\" data-element_type=\"widget\" data-widget_type=\"image.default\">\n\t\t\t\t<div class=\"elementor-widget-container\">\n\t\t\t\t\t\t\t\t\t\t\t\t\t\t\t<img fetchpriority=\"high\" decoding=\"async\" width=\"800\" height=\"642\" src=\"https:\/\/piktuu.com\/wp-content\/uploads\/2024\/05\/DIN-A4-tranps-PIKTUU-1024x822.png\" class=\"attachment-large size-large wp-image-11716\" alt=\"\" srcset=\"https:\/\/piktuu.com\/wp-content\/uploads\/2024\/05\/DIN-A4-tranps-PIKTUU-1024x822.png 1024w, https:\/\/piktuu.com\/wp-content\/uploads\/2024\/05\/DIN-A4-tranps-PIKTUU-600x482.png 600w, https:\/\/piktuu.com\/wp-content\/uploads\/2024\/05\/DIN-A4-tranps-PIKTUU-300x241.png 300w, https:\/\/piktuu.com\/wp-content\/uploads\/2024\/05\/DIN-A4-tranps-PIKTUU-768x617.png 768w, https:\/\/piktuu.com\/wp-content\/uploads\/2024\/05\/DIN-A4-tranps-PIKTUU.png 1245w\" sizes=\"(max-width: 800px) 100vw, 800px\" title=\"\">\t\t\t\t\t\t\t\t\t\t\t\t\t\t\t<\/div>\n\t\t\t\t<\/div>\n\t\t\t\t\t<\/div>\n\t\t<\/div>\n\t\t\t\t\t<\/div>\n\t\t<\/section>\n\t\t\t\t<\/div>\n\t\t","protected":false},"excerpt":{"rendered":"<p>Alle oder nur einzelne Themen. Sie entscheiden selbst und k\u00f6nnen diese Piktogrammsammlung auf jedem handels\u00fcblichen Drucker in beliebiger Anzahl ausdrucken und sofort einsetzen. Auf 25 Seiten im A4-Querformat k\u00f6nnen nahezu alle Alltagssituationen mit \u00fcber 1.500 sortierten Piktogrammen und Bildern kommuniziert werden, jeweils mit dreisprachiger \u00dcbersetzung in&#8230;. DEU\/ARA\/ENGL DEU\/UKR\/ENGL<\/p>\n","protected":false},"featured_media":18640,"comment_status":"open","ping_status":"closed","template":"","meta":[],"product_brand":[],"product_cat":[401],"product_tag":[],"class_list":{"0":"post-13926","1":"product","2":"type-product","3":"status-publish","4":"has-post-thumbnail","6":"product_cat-buecher","8":"first","9":"instock","10":"taxable","11":"shipping-taxable","12":"purchasable","13":"product-type-variable"},"_links":{"self":[{"href":"https:\/\/piktuu.com\/de\/wp-json\/wp\/v2\/product\/13926","targetHints":{"allow":["GET"]}}],"collection":[{"href":"https:\/\/piktuu.com\/de\/wp-json\/wp\/v2\/product"}],"about":[{"href":"https:\/\/piktuu.com\/de\/wp-json\/wp\/v2\/types\/product"}],"replies":[{"embeddable":true,"href":"https:\/\/piktuu.com\/de\/wp-json\/wp\/v2\/comments?post=13926"}],"version-history":[{"count":0,"href":"https:\/\/piktuu.com\/de\/wp-json\/wp\/v2\/product\/13926\/revisions"}],"wp:featuredmedia":[{"embeddable":true,"href":"https:\/\/piktuu.com\/de\/wp-json\/wp\/v2\/media\/18640"}],"wp:attachment":[{"href":"https:\/\/piktuu.com\/de\/wp-json\/wp\/v2\/media?parent=13926"}],"wp:term":[{"taxonomy":"product_brand","embeddable":true,"href":"https:\/\/piktuu.com\/de\/wp-json\/wp\/v2\/product_brand?post=13926"},{"taxonomy":"product_cat","embeddable":true,"href":"https:\/\/piktuu.com\/de\/wp-json\/wp\/v2\/product_cat?post=13926"},{"taxonomy":"product_tag","embeddable":true,"href":"https:\/\/piktuu.com\/de\/wp-json\/wp\/v2\/product_tag?post=13926"}],"curies":[{"name":"wp","href":"https:\/\/api.w.org\/{rel}","templated":true}]}}