{"id":1289,"date":"2022-03-28T14:14:39","date_gmt":"2022-03-28T14:14:39","guid":{"rendered":"https:\/\/piktogrammbuch.com\/?page_id=1289"},"modified":"2025-02-12T13:01:49","modified_gmt":"2025-02-12T13:01:49","slug":"sitemap","status":"publish","type":"page","link":"https:\/\/piktuu.com\/de\/sitemap\/","title":{"rendered":"SITEMAP"},"content":{"rendered":"\t\t<div data-elementor-type=\"wp-page\" data-elementor-id=\"1289\" class=\"elementor elementor-1289\" data-elementor-post-type=\"page\">\n\t\t\t\t\t\t<section class=\"elementor-section elementor-top-section elementor-element elementor-element-feb798a elementor-section-boxed elementor-section-height-default elementor-section-height-default\" data-id=\"feb798a\" data-element_type=\"section\">\n\t\t\t\t\t\t<div class=\"elementor-container elementor-column-gap-default\">\n\t\t\t\t\t<div class=\"elementor-column elementor-col-100 elementor-top-column elementor-element elementor-element-ade9510\" data-id=\"ade9510\" data-element_type=\"column\">\n\t\t\t<div class=\"elementor-widget-wrap elementor-element-populated\">\n\t\t\t\t\t\t<div class=\"elementor-element elementor-element-521e64c elementor-widget elementor-widget-heading\" data-id=\"521e64c\" data-element_type=\"widget\" data-widget_type=\"heading.default\">\n\t\t\t\t<div class=\"elementor-widget-container\">\n\t\t\t\t\t<h1 class=\"elementor-heading-title elementor-size-default\">Sitemap<\/h1>\t\t\t\t<\/div>\n\t\t\t\t<\/div>\n\t\t\t\t\t<\/div>\n\t\t<\/div>\n\t\t\t\t\t<\/div>\n\t\t<\/section>\n\t\t\t\t<section class=\"elementor-section elementor-top-section elementor-element elementor-element-c296473 elementor-section-boxed elementor-section-height-default elementor-section-height-default\" data-id=\"c296473\" data-element_type=\"section\">\n\t\t\t\t\t\t<div class=\"elementor-container elementor-column-gap-default\">\n\t\t\t\t\t<div class=\"elementor-column elementor-col-100 elementor-top-column elementor-element elementor-element-d568f88\" data-id=\"d568f88\" data-element_type=\"column\">\n\t\t\t<div class=\"elementor-widget-wrap elementor-element-populated\">\n\t\t\t\t\t\t<div class=\"elementor-element elementor-element-f205304 elementor-widget elementor-widget-sitemap\" data-id=\"f205304\" data-element_type=\"widget\" data-widget_type=\"sitemap.default\">\n\t\t\t\t<div class=\"elementor-widget-container\">\n\t\t\t\t\t<div class=\"elementor-sitemap-wrap\"><div class=\"elementor-sitemap-section\"><h1 class=\"elementor-sitemap-title elementor-sitemap-page-title\">Seiten<\/h1><ul class=\"elementor-sitemap-list elementor-sitemap-page-list\"><li class=\"elementor-sitemap-item elementor-sitemap-item-page page_item page-item-460\"><a href=\"https:\/\/piktuu.com\/de\/datenschutzerklaerung\/\">DATENSCHUTZERKL\u00c4RUNG<\/a><\/li><li class=\"elementor-sitemap-item elementor-sitemap-item-page page_item page-item-17411\"><a href=\"https:\/\/piktuu.com\/de\/kasse\/\">Kasse<\/a><\/li><li class=\"elementor-sitemap-item elementor-sitemap-item-page page_item page-item-1289\"><a href=\"https:\/\/piktuu.com\/de\/sitemap\/\">SITEMAP<\/a><\/li><li class=\"elementor-sitemap-item elementor-sitemap-item-page page_item page-item-14116\"><a href=\"https:\/\/piktuu.com\/de\/agb\/\">AGB<\/a><\/li><li class=\"elementor-sitemap-item elementor-sitemap-item-page page_item page-item-11826\"><a href=\"https:\/\/piktuu.com\/de\/news-insights\/\">NEWS &amp; INSIGHTS<\/a><\/li><li class=\"elementor-sitemap-item elementor-sitemap-item-page page_item page-item-12096\"><a href=\"https:\/\/piktuu.com\/de\/kontakt\/\">Kontaktieren Sie uns!<\/a><\/li><li class=\"elementor-sitemap-item elementor-sitemap-item-page page_item page-item-19314\"><a href=\"https:\/\/piktuu.com\/de\/piktuu-health-care-digital\/\">PIKTUU | Health &amp; Care &#8211; Digital<\/a><\/li><li class=\"elementor-sitemap-item elementor-sitemap-item-page page_item page-item-18068\"><a href=\"https:\/\/piktuu.com\/de\/piktuu-shop\/\">Shop<\/a><\/li><li class=\"elementor-sitemap-item elementor-sitemap-item-page page_item page-item-417\"><a href=\"https:\/\/piktuu.com\/de\/impressum\/\">IMPRESSUM<\/a><\/li><li class=\"elementor-sitemap-item elementor-sitemap-item-page page_item page-item-18088\"><a href=\"https:\/\/piktuu.com\/de\/refugee-translator\/\">Refugee Translator<\/a><\/li><li class=\"elementor-sitemap-item elementor-sitemap-item-page page_item page-item-11695\"><a href=\"https:\/\/piktuu.com\/de\/ueber-uns\/\">Kommunikationsdesign  f\u00fcr ein einfacheres Miteinander<\/a><\/li><li class=\"elementor-sitemap-item elementor-sitemap-item-page page_item page-item-13494\"><a href=\"https:\/\/piktuu.com\/de\/newsletter\/\">NEWSLETTER<\/a><\/li><li class=\"elementor-sitemap-item elementor-sitemap-item-page page_item page-item-17597\"><a href=\"https:\/\/piktuu.com\/de\/\">Startseite<\/a><\/li><li class=\"elementor-sitemap-item elementor-sitemap-item-page page_item page-item-19664\"><a href=\"https:\/\/piktuu.com\/de\/startseite-test-neu-25\/\">Startseite test neu 25<\/a><\/li><li class=\"elementor-sitemap-item elementor-sitemap-item-page page_item page-item-17362\"><a href=\"https:\/\/piktuu.com\/de\/health-care\/\">Health &#038; Care<\/a><\/li><li class=\"elementor-sitemap-item elementor-sitemap-item-page page_item page-item-17405\"><a href=\"https:\/\/piktuu.com\/de\/warenkorb\/\">Warenkorb<\/a><\/li><\/ul><\/div><div class=\"elementor-sitemap-section\"><h1 class=\"elementor-sitemap-title elementor-sitemap-category-title\">Kategorien<\/h1><ul class=\"elementor-sitemap-list elementor-sitemap-category-list\">\t<li class=\"elementor-sitemap-item elementor-sitemap-item-category cat-item cat-item-415\"><a href=\"https:\/\/piktuu.com\/de\/category\/refugee-translator\/\">Refugee Translator<\/a>\n<\/li>\n\t<li class=\"elementor-sitemap-item elementor-sitemap-item-category cat-item cat-item-124\"><a href=\"https:\/\/piktuu.com\/de\/category\/presse-und-medien\/\">PRESSE &amp; MEDIEN<\/a>\n<\/li>\n\t<li class=\"elementor-sitemap-item elementor-sitemap-item-category cat-item cat-item-414\"><a href=\"https:\/\/piktuu.com\/de\/category\/health-care\/\">Health &amp; Care<\/a>\n<\/li>\n\t<li class=\"elementor-sitemap-item elementor-sitemap-item-category cat-item cat-item-374\"><a href=\"https:\/\/piktuu.com\/de\/category\/featured\/\">FEATURED<\/a>\n<\/li>\n\t<li class=\"elementor-sitemap-item elementor-sitemap-item-category cat-item cat-item-150\"><a href=\"https:\/\/piktuu.com\/de\/category\/dies-das\/\">DIES &amp; DAS<\/a>\n<\/li>\n\t<li class=\"elementor-sitemap-item elementor-sitemap-item-category cat-item cat-item-1\"><a href=\"https:\/\/piktuu.com\/de\/category\/alle\/\">ALLE<\/a>\n<\/li>\n<\/ul><\/div><div class=\"elementor-sitemap-section\"><h1 class=\"elementor-sitemap-title elementor-sitemap-product-title\">Produkte<\/h1><ul class=\"elementor-sitemap-list elementor-sitemap-product-list\"><li class=\"elementor-sitemap-item elementor-sitemap-item-product page_item page-item-19455\"><a href=\"https:\/\/piktuu.com\/de\/produkt\/piktuu-buch-health-care-buchhandel\/\">PIKTUU-Buch &#8220;Health &#038; Care&#8221; Buchhandel<\/a><\/li><li class=\"elementor-sitemap-item elementor-sitemap-item-product page_item page-item-18100\"><a href=\"https:\/\/piktuu.com\/de\/produkt\/refugee-translator-poster\/\">REFUGEE TRANSLATOR Poster<\/a><\/li><li class=\"elementor-sitemap-item elementor-sitemap-item-product page_item page-item-17377\"><a href=\"https:\/\/piktuu.com\/de\/produkt\/piktuu-buch-health-care\/\">PIKTUU-Buch &#8220;Health &#038; Care&#8221;<\/a><\/li><li class=\"elementor-sitemap-item elementor-sitemap-item-product page_item page-item-13926\"><a href=\"https:\/\/piktuu.com\/de\/produkt\/refugee-translator-a4\/\">REFUGEE TRANSLATOR A6<\/a><\/li><\/ul><\/div><div class=\"elementor-sitemap-section\"><h1 class=\"elementor-sitemap-title elementor-sitemap-post-title\">Beitr\u00e4ge<\/h1><ul class=\"elementor-sitemap-list elementor-sitemap-post-list\"><li class=\"elementor-sitemap-item elementor-sitemap-item-post page_item page-item-19537\"><a href=\"https:\/\/piktuu.com\/de\/pilotpartner-healthcare\/\">PIKTUU | Health &#038; Care sucht Pilotpartner aus dem Gesundheitswesen!<\/a><\/li><li class=\"elementor-sitemap-item elementor-sitemap-item-post page_item page-item-19035\"><a href=\"https:\/\/piktuu.com\/de\/hinrich-westerkamp-refugee-translator-als-erstmassnahme\/\">Hinrich Westerkamp: &#8220;Ohne Verst\u00e4ndigung keine Integration!&#8221; \u2013 Wie der &#8220;PIKTUU | Refugee Translator&#8221; Gefl\u00fcchteten in Berlin die\u00a0Integration\u00a0erleichtert<\/a><\/li><li class=\"elementor-sitemap-item elementor-sitemap-item-post page_item page-item-18433\"><a href=\"https:\/\/piktuu.com\/de\/piktuu-health-care-online-version\/\">PIKTUU | Health &#038; Care &#8211; ONLINE VERSION<\/a><\/li><li class=\"elementor-sitemap-item elementor-sitemap-item-post page_item page-item-17306\"><a href=\"https:\/\/piktuu.com\/de\/ein-meilenstein-in-der-patientenkommunikation\/\">PIKTUU | Health &#038; Care: Ein Meilenstein in der Patientenkommunikation<\/a><\/li><li class=\"elementor-sitemap-item elementor-sitemap-item-post page_item page-item-11591\"><a href=\"https:\/\/piktuu.com\/de\/humedica-gruender-empfiehlt-piktuu-als-nonverbale-sprachloesung\/\">humedica Gr\u00fcnder empfiehlt PIKTUU als nonverbale Kommunikationsl\u00f6sung<\/a><\/li><li class=\"elementor-sitemap-item elementor-sitemap-item-post page_item page-item-11562\"><a href=\"https:\/\/piktuu.com\/de\/verstaendigungshilfen-fuer-alle-ankommenden-gefluechteten\/\">Verst\u00e4ndigungshilfe f\u00fcr alle ankommenden Gefl\u00fcchteten!<\/a><\/li><li class=\"elementor-sitemap-item elementor-sitemap-item-post page_item page-item-10903\"><a href=\"https:\/\/piktuu.com\/de\/bratwurst-baklava-mag-piktuu\/\">BRATWURST &#038; BAKLAVA mag PIKTUU<\/a><\/li><li class=\"elementor-sitemap-item elementor-sitemap-item-post page_item page-item-10765\"><a href=\"https:\/\/piktuu.com\/de\/germany4ukraine-piktuu\/\">Das Bundesamt f\u00fcr Migration und Fl\u00fcchtlinge empfiehlt PIKTUU auf germany4ukraine.de<\/a><\/li><li class=\"elementor-sitemap-item elementor-sitemap-item-post page_item page-item-10416\"><a href=\"https:\/\/piktuu.com\/de\/piktogramme-und-nonverbale-verstaendigung\/\">Piktogramme und nonverbale Verst\u00e4ndigung<\/a><\/li><li class=\"elementor-sitemap-item elementor-sitemap-item-post page_item page-item-9371\"><a href=\"https:\/\/piktuu.com\/de\/gedruckte-piktuu-kommunikationshilfen-vs-herkoemmliche-uebersetzungs-apps-fuer-smartphones\/\">Gedruckte PIKTUU-Kommunikationshilfen vs. herk\u00f6mmliche \u00dcbersetzungs-Apps f\u00fcr Smartphones<\/a><\/li><li class=\"elementor-sitemap-item elementor-sitemap-item-post page_item page-item-9348\"><a href=\"https:\/\/piktuu.com\/de\/die-universelle-sprache-der-piktogramme-eine-kulturelle-konstante\/\">Die universelle Sprache der Piktogramme: Eine kulturelle Konstante<\/a><\/li><li class=\"elementor-sitemap-item elementor-sitemap-item-post page_item page-item-9113\"><a href=\"https:\/\/piktuu.com\/de\/gemeinsame-kommunikation-ueber-sprachgrenzen-hinweg\/\">Willkommen bei PIKTUU<\/a><\/li><li class=\"elementor-sitemap-item elementor-sitemap-item-post page_item page-item-2934\"><a href=\"https:\/\/piktuu.com\/de\/presse-2022\/\">Presse<\/a><\/li><li class=\"elementor-sitemap-item elementor-sitemap-item-post page_item page-item-2193\"><a href=\"https:\/\/piktuu.com\/de\/refugee-translator-fuer-die-berliner-stadtmission\/\">Piktogramm \u00dcbersetzer f\u00fcr die Berliner Stadtmission<\/a><\/li><li class=\"elementor-sitemap-item elementor-sitemap-item-post page_item page-item-1619\"><a href=\"https:\/\/piktuu.com\/de\/rotarier-drucken-20-000-ubersetzungshilfen-fuer-ukrainische-gefluchtete\/\">ROTARY druckt 20.000 \u00dcbersetzungshilfen<\/a><\/li><\/ul><\/div><\/div>\t\t\t\t<\/div>\n\t\t\t\t<\/div>\n\t\t\t\t\t<\/div>\n\t\t<\/div>\n\t\t\t\t\t<\/div>\n\t\t<\/section>\n\t\t\t\t<\/div>\n\t\t","protected":false},"excerpt":{"rendered":"<p>PIKTUU Website Sitemap<\/p>\n","protected":false},"author":1,"featured_media":0,"parent":0,"menu_order":0,"comment_status":"closed","ping_status":"closed","template":"elementor_theme","meta":{"footnotes":""},"class_list":["post-1289","page","type-page","status-publish","hentry"],"_links":{"self":[{"href":"https:\/\/piktuu.com\/de\/wp-json\/wp\/v2\/pages\/1289","targetHints":{"allow":["GET"]}}],"collection":[{"href":"https:\/\/piktuu.com\/de\/wp-json\/wp\/v2\/pages"}],"about":[{"href":"https:\/\/piktuu.com\/de\/wp-json\/wp\/v2\/types\/page"}],"author":[{"embeddable":true,"href":"https:\/\/piktuu.com\/de\/wp-json\/wp\/v2\/users\/1"}],"replies":[{"embeddable":true,"href":"https:\/\/piktuu.com\/de\/wp-json\/wp\/v2\/comments?post=1289"}],"version-history":[{"count":0,"href":"https:\/\/piktuu.com\/de\/wp-json\/wp\/v2\/pages\/1289\/revisions"}],"wp:attachment":[{"href":"https:\/\/piktuu.com\/de\/wp-json\/wp\/v2\/media?parent=1289"}],"curies":[{"name":"wp","href":"https:\/\/api.w.org\/{rel}","templated":true}]}}