{"id":11695,"date":"2024-05-13T12:45:21","date_gmt":"2024-05-13T12:45:21","guid":{"rendered":"https:\/\/piktuu.com\/?page_id=11695"},"modified":"2025-03-11T16:03:53","modified_gmt":"2025-03-11T16:03:53","slug":"ueber-uns","status":"publish","type":"page","link":"https:\/\/piktuu.com\/de\/ueber-uns\/","title":{"rendered":"Kommunikationsdesign  f\u00fcr ein einfacheres Miteinander"},"content":{"rendered":"\t\t<div data-elementor-type=\"wp-page\" data-elementor-id=\"11695\" class=\"elementor elementor-11695\" data-elementor-post-type=\"page\">\n\t\t\t\t\t\t<section class=\"elementor-section elementor-top-section elementor-element elementor-element-b02323d elementor-section-boxed elementor-section-height-default elementor-section-height-default\" data-id=\"b02323d\" data-element_type=\"section\">\n\t\t\t\t\t\t<div class=\"elementor-container elementor-column-gap-default\">\n\t\t\t\t\t<div class=\"elementor-column elementor-col-100 elementor-top-column elementor-element elementor-element-df98477\" data-id=\"df98477\" data-element_type=\"column\">\n\t\t\t<div class=\"elementor-widget-wrap elementor-element-populated\">\n\t\t\t\t\t\t<div class=\"elementor-element elementor-element-eb76fc3 elementor-widget elementor-widget-heading\" data-id=\"eb76fc3\" data-element_type=\"widget\" data-widget_type=\"heading.default\">\n\t\t\t\t<div class=\"elementor-widget-container\">\n\t\t\t\t\t<h1 class=\"elementor-heading-title elementor-size-default\">Wir machen Kommunikationsdesign, das jeder versteht.<\/h1>\t\t\t\t<\/div>\n\t\t\t\t<\/div>\n\t\t\t\t\t<\/div>\n\t\t<\/div>\n\t\t\t\t\t<\/div>\n\t\t<\/section>\n\t\t\t\t<section class=\"elementor-section elementor-top-section elementor-element elementor-element-891fd0a elementor-section-boxed elementor-section-height-default elementor-section-height-default\" data-id=\"891fd0a\" data-element_type=\"section\" id=\"Ueber PIKTUU\">\n\t\t\t\t\t\t<div class=\"elementor-container elementor-column-gap-wider\">\n\t\t\t\t\t<div class=\"elementor-column elementor-col-50 elementor-top-column elementor-element elementor-element-69b2242\" data-id=\"69b2242\" data-element_type=\"column\">\n\t\t\t<div class=\"elementor-widget-wrap elementor-element-populated\">\n\t\t\t\t\t\t<div class=\"elementor-element elementor-element-1dea50a elementor-widget elementor-widget-text-editor\" data-id=\"1dea50a\" data-element_type=\"widget\" data-widget_type=\"text-editor.default\">\n\t\t\t\t<div class=\"elementor-widget-container\">\n\t\t\t\t\t\t\t\t\t<h2>Unsere Geschichte<\/h2><p>Die Geschichte von PIKTUU begann 2015, als der Berliner Fotograf Alexander Mechow die Herausforderungen der Verst\u00e4ndigung f\u00fcr ankommende Gefl\u00fcchtete erkannte. Er entwickelte mit Freunden eine umfassende Piktogrammsprache, um schnelle und einfache Kommunikation zu erm\u00f6glichen. Nach mehreren Jahren der Entwicklung und praktischen Erprobung wurde PIKTUU im Dezember 2023 offiziell online gestellt.<\/p><p>\u00a0<\/p><h2>Unsere Mission<\/h2><p>Unsere Mission ist es, Verst\u00e4ndigung zu erm\u00f6glichen, unabh\u00e4ngig von Sprache, Kultur oder Hintergrund. Wir glauben an eine Welt, in der jeder geh\u00f6rt wird und sich frei ausdr\u00fccken kann. PIKTUU bedeutet f\u00fcr uns mehr als Kommunikationsdesign. F\u00fcr uns ist eine PIKTUU eine Sprache die jeder, ohne Worte, sprechen und verstehen kann.<\/p><p>\u00a0<\/p><h2>Wie PIKTUU funktioniert<\/h2><p>PIKTUU bietet eine umfangreiche Sammlung von Piktogrammen, die nach Lebenssituationen sortiert sind. Egal ob im Gesundheitswesen, bei allt\u00e4glichen Bed\u00fcrfnissen oder in Notsituationen &#8211; unsere Piktogramme machen es einfach, sich nonverbal zu verst\u00e4ndigen.<\/p><p>\u00a0<\/p><h2>Unsere Vision<\/h2><p>Unsere Vision ist eine Welt, in der Verst\u00e4ndigung f\u00fcr alle einfach und zug\u00e4nglich ist. Wir setzen uns f\u00fcr Integration, Inklusion und ein friedliches Miteinander ein und arbeiten kontinuierlich daran, unser Hilfsmittel zu verbessern und auszubauen.<\/p><p>\u00a0<\/p><h2>Kontaktieren Sie uns<\/h2><p>Wenn Sie Fragen haben oder mehr \u00fcber PIKTUU erfahren m\u00f6chten, z\u00f6gern Sie nicht, uns zu kontaktieren. Wir freuen uns, von Ihnen zu h\u00f6ren und Ihnen bei Ihren Anliegen zu helfen.<\/p>\t\t\t\t\t\t\t\t<\/div>\n\t\t\t\t<\/div>\n\t\t\t\t<div class=\"elementor-element elementor-element-50144f8 elementor-widget elementor-widget-button\" data-id=\"50144f8\" data-element_type=\"widget\" data-widget_type=\"button.default\">\n\t\t\t\t<div class=\"elementor-widget-container\">\n\t\t\t\t\t\t\t\t\t<div class=\"elementor-button-wrapper\">\n\t\t\t\t\t<a class=\"elementor-button elementor-button-link elementor-size-sm\" href=\"https:\/\/piktuu.com\/de\/kontakt\">\n\t\t\t\t\t\t<span class=\"elementor-button-content-wrapper\">\n\t\t\t\t\t\t<span class=\"elementor-button-icon\">\n\t\t\t\t<svg xmlns=\"http:\/\/www.w3.org\/2000\/svg\" id=\"Ebene_2\" data-name=\"Ebene 2\" viewBox=\"0 0 61.22 70.15\"><defs><style>      .cls-1 {        fill: #fff;        stroke-width: 0px;      }    <\/style><\/defs><g id=\"Ebene_1-2\" data-name=\"Ebene 1\"><path class=\"cls-1\" d=\"M53.34.03c-.26-.03-.53-.02-.8-.02C37.94.01,23.34.03,8.74,0,5.02,0,1.17,2.81.31,6.35.12,7.11.01,7.91.01,8.69,0,21.9,0,56.94,0,70.15l13.89-13.33c5.29.01,5.3.03,10.59,0h17.15c3.64,0,7.27-.04,10.91,0,4.42.05,8.67-3.75,8.67-8.25-.01-13.41-.03-26.83.01-40.24,0-3.55-2.86-7.7-7.88-8.31ZM45.61,13.11c1.34-1.09,3.06-1.04,4.32.14,1.63,1.51,1.63,4.29-.04,5.76-1.23,1.08-2.83,1.2-4.2.14-1.03-.79-1.43-1.81-1.44-3,0-1.33.42-2.28,1.36-3.04ZM16.94,12.73c1.01-.56,2.03-.55,3.04.01,2.21,1.23,2.57,4.44.71,6.2-1.62,1.53-3.82,1.05-4.95-.48-.53-.71-.77-1.51-.75-2.37.03-1.42.58-2.59,1.95-3.35ZM51.59,38.51c-.37.43-.85.78-1.33,1.08-3.13,1.92-6.45,3.32-9.99,4.14-2.55.59-5.12.96-7.73.99-1.15-.08-2.3-.12-3.45-.25-4.04-.46-7.87-1.67-11.47-3.69-.95-.53-1.85-1.14-2.76-1.75-.7-.47-1.09-1.2-1.15-2.05-.08-1.08.39-1.96,1.24-2.52.83-.54,1.7-.44,2.49.16,1.88,1.42,3.97,2.37,6.13,3.16,3.38,1.24,6.85,1.73,10.44,1.54,3.78-.2,7.36-1.16,10.82-2.7,1.33-.59,2.58-1.39,3.85-2.12.8-.46,1.62-.56,2.36-.03,1.28.9,1.76,2.61.55,4.04Z\"><\/path><\/g><\/svg>\t\t\t<\/span>\n\t\t\t\t\t\t\t\t\t<span class=\"elementor-button-text\">Nachricht senden<\/span>\n\t\t\t\t\t<\/span>\n\t\t\t\t\t<\/a>\n\t\t\t\t<\/div>\n\t\t\t\t\t\t\t\t<\/div>\n\t\t\t\t<\/div>\n\t\t\t\t\t<\/div>\n\t\t<\/div>\n\t\t\t\t<div class=\"elementor-column elementor-col-50 elementor-top-column elementor-element elementor-element-45915a5\" data-id=\"45915a5\" data-element_type=\"column\">\n\t\t\t<div class=\"elementor-widget-wrap elementor-element-populated\">\n\t\t\t\t\t\t<div class=\"elementor-element elementor-element-7a0e8aeb elementor-widget elementor-widget-video\" data-id=\"7a0e8aeb\" data-element_type=\"widget\" data-settings=\"{&quot;youtube_url&quot;:&quot;https:\\\/\\\/youtu.be\\\/-Tts9oa44aA&quot;,&quot;yt_privacy&quot;:&quot;yes&quot;,&quot;show_image_overlay&quot;:&quot;yes&quot;,&quot;image_overlay&quot;:{&quot;url&quot;:&quot;https:\\\/\\\/piktuu.com\\\/wp-content\\\/uploads\\\/2023\\\/11\\\/11864968_388386944700840_3614987617898490586_o.jpg&quot;,&quot;id&quot;:9743,&quot;size&quot;:&quot;&quot;,&quot;alt&quot;:&quot;&quot;,&quot;source&quot;:&quot;library&quot;},&quot;video_type&quot;:&quot;youtube&quot;,&quot;controls&quot;:&quot;yes&quot;}\" data-widget_type=\"video.default\">\n\t\t\t\t<div class=\"elementor-widget-container\">\n\t\t\t\t\t\t\t<div class=\"elementor-wrapper elementor-open-inline\">\n\t\t\t<div class=\"elementor-video\"><\/div>\t\t\t\t<div class=\"elementor-custom-embed-image-overlay\" style=\"background-image: url(https:\/\/piktuu.com\/wp-content\/uploads\/2023\/11\/11864968_388386944700840_3614987617898490586_o.jpg);\">\n\t\t\t\t\t\t\t\t\t\t\t\t\t\t\t\t<div class=\"elementor-custom-embed-play\" role=\"button\" aria-label=\"Video abspielen\" tabindex=\"0\">\n\t\t\t\t\t\t\t<i aria-hidden=\"true\" class=\"eicon-play\"><\/i>\t\t\t\t\t\t<\/div>\n\t\t\t\t\t\t\t\t\t<\/div>\n\t\t\t\t\t<\/div>\n\t\t\t\t\t\t<\/div>\n\t\t\t\t<\/div>\n\t\t\t\t<div class=\"elementor-element elementor-element-e8089d3 elementor-widget elementor-widget-text-editor\" data-id=\"e8089d3\" data-element_type=\"widget\" data-widget_type=\"text-editor.default\">\n\t\t\t\t<div class=\"elementor-widget-container\">\n\t\t\t\t\t\t\t\t\t<p>So hat alles angefangen.<\/p>\t\t\t\t\t\t\t\t<\/div>\n\t\t\t\t<\/div>\n\t\t\t\t<div class=\"elementor-element elementor-element-15dfeb82 elementor-widget elementor-widget-video\" data-id=\"15dfeb82\" data-element_type=\"widget\" data-settings=\"{&quot;youtube_url&quot;:&quot;https:\\\/\\\/youtu.be\\\/9FG4-N8jtjY&quot;,&quot;yt_privacy&quot;:&quot;yes&quot;,&quot;show_image_overlay&quot;:&quot;yes&quot;,&quot;image_overlay&quot;:{&quot;url&quot;:&quot;https:\\\/\\\/piktuu.com\\\/wp-content\\\/uploads\\\/2023\\\/11\\\/15129676_538970962975770_3584153484945662973_o.jpg&quot;,&quot;id&quot;:9739,&quot;size&quot;:&quot;&quot;,&quot;alt&quot;:&quot;&quot;,&quot;source&quot;:&quot;library&quot;},&quot;video_type&quot;:&quot;youtube&quot;,&quot;controls&quot;:&quot;yes&quot;}\" data-widget_type=\"video.default\">\n\t\t\t\t<div class=\"elementor-widget-container\">\n\t\t\t\t\t\t\t<div class=\"elementor-wrapper elementor-open-inline\">\n\t\t\t<div class=\"elementor-video\"><\/div>\t\t\t\t<div class=\"elementor-custom-embed-image-overlay\" style=\"background-image: url(https:\/\/piktuu.com\/wp-content\/uploads\/2023\/11\/15129676_538970962975770_3584153484945662973_o.jpg);\">\n\t\t\t\t\t\t\t\t\t\t\t\t\t\t\t\t<div class=\"elementor-custom-embed-play\" role=\"button\" aria-label=\"Video abspielen\" tabindex=\"0\">\n\t\t\t\t\t\t\t<i aria-hidden=\"true\" class=\"eicon-play\"><\/i>\t\t\t\t\t\t<\/div>\n\t\t\t\t\t\t\t\t\t<\/div>\n\t\t\t\t\t<\/div>\n\t\t\t\t\t\t<\/div>\n\t\t\t\t<\/div>\n\t\t\t\t<div class=\"elementor-element elementor-element-47d80fd elementor-widget elementor-widget-text-editor\" data-id=\"47d80fd\" data-element_type=\"widget\" data-widget_type=\"text-editor.default\">\n\t\t\t\t<div class=\"elementor-widget-container\">\n\t\t\t\t\t\t\t\t\t<p>Erste Auszeichnung f\u00fcr die Erstentwicklung.<\/p>\t\t\t\t\t\t\t\t<\/div>\n\t\t\t\t<\/div>\n\t\t\t\t<div class=\"elementor-element elementor-element-451f4acd elementor-widget elementor-widget-video\" data-id=\"451f4acd\" data-element_type=\"widget\" data-settings=\"{&quot;youtube_url&quot;:&quot;https:\\\/\\\/youtu.be\\\/o-jXkNT3V9A&quot;,&quot;yt_privacy&quot;:&quot;yes&quot;,&quot;show_image_overlay&quot;:&quot;yes&quot;,&quot;image_overlay&quot;:{&quot;url&quot;:&quot;https:\\\/\\\/piktuu.com\\\/wp-content\\\/uploads\\\/2023\\\/11\\\/Alex-Mechow-erhaelt-Band-fuer-Mut-und-Verstaendigung1.jpg&quot;,&quot;id&quot;:9746,&quot;size&quot;:&quot;&quot;,&quot;alt&quot;:&quot;&quot;,&quot;source&quot;:&quot;library&quot;},&quot;video_type&quot;:&quot;youtube&quot;,&quot;controls&quot;:&quot;yes&quot;}\" data-widget_type=\"video.default\">\n\t\t\t\t<div class=\"elementor-widget-container\">\n\t\t\t\t\t\t\t<div class=\"elementor-wrapper elementor-open-inline\">\n\t\t\t<div class=\"elementor-video\"><\/div>\t\t\t\t<div class=\"elementor-custom-embed-image-overlay\" style=\"background-image: url(https:\/\/piktuu.com\/wp-content\/uploads\/2023\/11\/Alex-Mechow-erhaelt-Band-fuer-Mut-und-Verstaendigung1.jpg);\">\n\t\t\t\t\t\t\t\t\t\t\t\t\t\t\t\t<div class=\"elementor-custom-embed-play\" role=\"button\" aria-label=\"Video abspielen\" tabindex=\"0\">\n\t\t\t\t\t\t\t<i aria-hidden=\"true\" class=\"eicon-play\"><\/i>\t\t\t\t\t\t<\/div>\n\t\t\t\t\t\t\t\t\t<\/div>\n\t\t\t\t\t<\/div>\n\t\t\t\t\t\t<\/div>\n\t\t\t\t<\/div>\n\t\t\t\t<div class=\"elementor-element elementor-element-8b5e4ed elementor-widget elementor-widget-text-editor\" data-id=\"8b5e4ed\" data-element_type=\"widget\" data-widget_type=\"text-editor.default\">\n\t\t\t\t<div class=\"elementor-widget-container\">\n\t\t\t\t\t\t\t\t\t<p>Zweite Auszeichnung f\u00fcr die Weiterentwicklung.\u00a0<\/p>\t\t\t\t\t\t\t\t<\/div>\n\t\t\t\t<\/div>\n\t\t\t\t\t<\/div>\n\t\t<\/div>\n\t\t\t\t\t<\/div>\n\t\t<\/section>\n\t\t\t\t<section class=\"elementor-section elementor-top-section elementor-element elementor-element-6f87915 elementor-section-boxed elementor-section-height-default elementor-section-height-default\" data-id=\"6f87915\" data-element_type=\"section\" id=\"Team\">\n\t\t\t\t\t\t<div class=\"elementor-container elementor-column-gap-default\">\n\t\t\t\t\t<div class=\"elementor-column elementor-col-100 elementor-top-column elementor-element elementor-element-dd7b583\" data-id=\"dd7b583\" data-element_type=\"column\">\n\t\t\t<div class=\"elementor-widget-wrap elementor-element-populated\">\n\t\t\t\t\t\t<div class=\"elementor-element elementor-element-01ecfcb elementor-widget elementor-widget-heading\" data-id=\"01ecfcb\" data-element_type=\"widget\" data-widget_type=\"heading.default\">\n\t\t\t\t<div class=\"elementor-widget-container\">\n\t\t\t\t\t<h1 class=\"elementor-heading-title elementor-size-default\">Das Team<\/h1>\t\t\t\t<\/div>\n\t\t\t\t<\/div>\n\t\t\t\t<section class=\"elementor-section elementor-inner-section elementor-element elementor-element-37777bf elementor-section-boxed elementor-section-height-default elementor-section-height-default\" data-id=\"37777bf\" data-element_type=\"section\">\n\t\t\t\t\t\t<div class=\"elementor-container elementor-column-gap-wide\">\n\t\t\t\t\t<div class=\"elementor-column elementor-col-50 elementor-inner-column elementor-element elementor-element-87bb0b0\" data-id=\"87bb0b0\" data-element_type=\"column\">\n\t\t\t<div class=\"elementor-widget-wrap elementor-element-populated\">\n\t\t\t\t\t\t<div class=\"elementor-element elementor-element-52a0594 elementor-position-top elementor-position-top elementor-widget elementor-widget-image-box\" data-id=\"52a0594\" data-element_type=\"widget\" data-widget_type=\"image-box.default\">\n\t\t\t\t<div class=\"elementor-widget-container\">\n\t\t\t\t\t<div class=\"elementor-image-box-wrapper\"><figure class=\"elementor-image-box-img\"><img fetchpriority=\"high\" decoding=\"async\" width=\"800\" height=\"800\" src=\"https:\/\/piktuu.com\/wp-content\/uploads\/2025\/03\/F2A1347-Edit-3-Kopie.jpg\" class=\"elementor-animation-grow attachment-full size-full wp-image-19215\" alt=\"\" title=\"\" srcset=\"https:\/\/piktuu.com\/wp-content\/uploads\/2025\/03\/F2A1347-Edit-3-Kopie.jpg 800w, https:\/\/piktuu.com\/wp-content\/uploads\/2025\/03\/F2A1347-Edit-3-Kopie-300x300.jpg 300w, https:\/\/piktuu.com\/wp-content\/uploads\/2025\/03\/F2A1347-Edit-3-Kopie-150x150.jpg 150w, https:\/\/piktuu.com\/wp-content\/uploads\/2025\/03\/F2A1347-Edit-3-Kopie-768x768.jpg 768w, https:\/\/piktuu.com\/wp-content\/uploads\/2025\/03\/F2A1347-Edit-3-Kopie-12x12.jpg 12w, https:\/\/piktuu.com\/wp-content\/uploads\/2025\/03\/F2A1347-Edit-3-Kopie-299x299.jpg 299w, https:\/\/piktuu.com\/wp-content\/uploads\/2025\/03\/F2A1347-Edit-3-Kopie-600x600.jpg 600w, https:\/\/piktuu.com\/wp-content\/uploads\/2025\/03\/F2A1347-Edit-3-Kopie-100x100.jpg 100w\" sizes=\"(max-width: 800px) 100vw, 800px\" \/><\/figure><div class=\"elementor-image-box-content\"><h3 class=\"elementor-image-box-title\">Alexander Mechow<\/h3><p class=\"elementor-image-box-description\">ENTWICKLUNG & DESIGN<\/p><\/div><\/div>\t\t\t\t<\/div>\n\t\t\t\t<\/div>\n\t\t\t\t<div class=\"elementor-element elementor-element-3f0cb89 elementor-widget elementor-widget-text-editor\" data-id=\"3f0cb89\" data-element_type=\"widget\" data-widget_type=\"text-editor.default\">\n\t\t\t\t<div class=\"elementor-widget-container\">\n\t\t\t\t\t\t\t\t\t<p><strong>2016<\/strong><\/p><p><strong>Sonderpreis f\u00fcr Integration &amp; Toleranz<\/strong><\/p><p>Hauptstadtinitiative Berlin<\/p><p>CUBY HELPS\/EINFACH MENSCH SEIN<\/p><p>\u00a0<\/p><p><strong>2019<\/strong><\/p><p><strong>Band f\u00fcr Mut &amp; Verst\u00e4ndigung<\/strong><\/p><p>Hauptstadtinitiative Berlin<\/p><p>LANGUAGEHELPER\/EINFACH MENSCH SEIN<\/p>\t\t\t\t\t\t\t\t<\/div>\n\t\t\t\t<\/div>\n\t\t\t\t<div class=\"elementor-element elementor-element-fb35ccb elementor-shape-rounded elementor-grid-0 e-grid-align-center elementor-widget elementor-widget-social-icons\" data-id=\"fb35ccb\" data-element_type=\"widget\" data-widget_type=\"social-icons.default\">\n\t\t\t\t<div class=\"elementor-widget-container\">\n\t\t\t\t\t\t\t<div class=\"elementor-social-icons-wrapper elementor-grid\">\n\t\t\t\t\t\t\t<span class=\"elementor-grid-item\">\n\t\t\t\t\t<a class=\"elementor-icon elementor-social-icon elementor-social-icon-globe elementor-repeater-item-7c2e713\" href=\"https:\/\/mechow-works.com\" target=\"_blank\" rel=\"nofollow noopener\">\n\t\t\t\t\t\t<span class=\"elementor-screen-only\">Globe<\/span>\n\t\t\t\t\t\t<i class=\"fas fa-globe\"><\/i>\t\t\t\t\t<\/a>\n\t\t\t\t<\/span>\n\t\t\t\t\t<\/div>\n\t\t\t\t\t\t<\/div>\n\t\t\t\t<\/div>\n\t\t\t\t\t<\/div>\n\t\t<\/div>\n\t\t\t\t<div class=\"elementor-column elementor-col-50 elementor-inner-column elementor-element elementor-element-2397a31\" data-id=\"2397a31\" data-element_type=\"column\">\n\t\t\t<div class=\"elementor-widget-wrap elementor-element-populated\">\n\t\t\t\t\t\t<div class=\"elementor-element elementor-element-829d489 elementor-position-top elementor-widget elementor-widget-image-box\" data-id=\"829d489\" data-element_type=\"widget\" data-widget_type=\"image-box.default\">\n\t\t\t\t<div class=\"elementor-widget-container\">\n\t\t\t\t\t<div class=\"elementor-image-box-wrapper\"><figure class=\"elementor-image-box-img\"><img decoding=\"async\" width=\"345\" height=\"344\" src=\"https:\/\/piktuu.com\/wp-content\/uploads\/2023\/11\/345321512_790401025773917_6601367483479489265_n.jpg\" class=\"elementor-animation-grow attachment-full size-full wp-image-10448\" alt=\"Metafex\" title=\"\" srcset=\"https:\/\/piktuu.com\/wp-content\/uploads\/2023\/11\/345321512_790401025773917_6601367483479489265_n.jpg 345w, https:\/\/piktuu.com\/wp-content\/uploads\/2023\/11\/345321512_790401025773917_6601367483479489265_n-299x299.jpg 299w, https:\/\/piktuu.com\/wp-content\/uploads\/2023\/11\/345321512_790401025773917_6601367483479489265_n-100x100.jpg 100w, https:\/\/piktuu.com\/wp-content\/uploads\/2023\/11\/345321512_790401025773917_6601367483479489265_n-300x300.jpg 300w, https:\/\/piktuu.com\/wp-content\/uploads\/2023\/11\/345321512_790401025773917_6601367483479489265_n-150x150.jpg 150w\" sizes=\"(max-width: 345px) 100vw, 345px\" \/><\/figure><div class=\"elementor-image-box-content\"><h3 class=\"elementor-image-box-title\">METAFEX<\/h3><p class=\"elementor-image-box-description\">LAYOUT<\/p><\/div><\/div>\t\t\t\t<\/div>\n\t\t\t\t<\/div>\n\t\t\t\t<div class=\"elementor-element elementor-element-5006a55 elementor-blockquote--skin-quotation elementor-blockquote--align-center elementor-widget elementor-widget-blockquote\" data-id=\"5006a55\" data-element_type=\"widget\" data-widget_type=\"blockquote.default\">\n\t\t\t\t<div class=\"elementor-widget-container\">\n\t\t\t\t\t\t\t<blockquote class=\"elementor-blockquote\">\n\t\t\t<p class=\"elementor-blockquote__content\">\n\t\t\t\tPrint, Web, eine Seite, viele Seiten. METAFEX gibt dem Layout den letzten Schliff, damit PIKTUU nicht nur n\u00fctzlich ist, sondern auch dem Auge schmeichelt und die Informationen so strukturiert sind, dass andere sie auch verstehen. Wir freuen uns sehr, Teil der PIKTUU-Familie zu sein und dieses Projekt zu unterst\u00fctzen.\t\t\t<\/p>\n\t\t\t\t\t\t\t<div class=\"e-q-footer\">\n\t\t\t\t\t\t\t\t\t\t\t<cite class=\"elementor-blockquote__author\">Kevin H\u00f6big\/METAFEX<\/cite>\n\t\t\t\t\t\t\t\t\t\t\t\t\t\t<\/div>\n\t\t\t\t\t<\/blockquote>\n\t\t\t\t\t\t<\/div>\n\t\t\t\t<\/div>\n\t\t\t\t<div class=\"elementor-element elementor-element-9f5200b elementor-shape-rounded elementor-grid-0 e-grid-align-center elementor-widget elementor-widget-social-icons\" data-id=\"9f5200b\" data-element_type=\"widget\" data-widget_type=\"social-icons.default\">\n\t\t\t\t<div class=\"elementor-widget-container\">\n\t\t\t\t\t\t\t<div class=\"elementor-social-icons-wrapper elementor-grid\">\n\t\t\t\t\t\t\t<span class=\"elementor-grid-item\">\n\t\t\t\t\t<a class=\"elementor-icon elementor-social-icon elementor-social-icon-globe elementor-repeater-item-7c2e713\" href=\"https:\/\/www.metafex.de\" target=\"_blank\" rel=\"nofollow noopener\">\n\t\t\t\t\t\t<span class=\"elementor-screen-only\">Globe<\/span>\n\t\t\t\t\t\t<i class=\"fas fa-globe\"><\/i>\t\t\t\t\t<\/a>\n\t\t\t\t<\/span>\n\t\t\t\t\t<\/div>\n\t\t\t\t\t\t<\/div>\n\t\t\t\t<\/div>\n\t\t\t\t\t<\/div>\n\t\t<\/div>\n\t\t\t\t\t<\/div>\n\t\t<\/section>\n\t\t\t\t<div class=\"elementor-element elementor-element-932876c elementor-view-stacked elementor-shape-circle elementor-position-top elementor-mobile-position-top elementor-widget elementor-widget-icon-box\" data-id=\"932876c\" data-element_type=\"widget\" data-widget_type=\"icon-box.default\">\n\t\t\t\t<div class=\"elementor-widget-container\">\n\t\t\t\t\t\t\t<div class=\"elementor-icon-box-wrapper\">\n\n\t\t\t\t\t\t<div class=\"elementor-icon-box-icon\">\n\t\t\t\t<span  class=\"elementor-icon\">\n\t\t\t\t<i aria-hidden=\"true\" class=\"fas fa-hand-holding-heart\"><\/i>\t\t\t\t<\/span>\n\t\t\t<\/div>\n\t\t\t\n\t\t\t\t\t\t<div class=\"elementor-icon-box-content\">\n\n\t\t\t\t\t\t\t\t\t<h3 class=\"elementor-icon-box-title\">\n\t\t\t\t\t\t<span  >\n\t\t\t\t\t\t\tDANK\t\t\t\t\t\t<\/span>\n\t\t\t\t\t<\/h3>\n\t\t\t\t\n\t\t\t\t\t\t\t\t\t<p class=\"elementor-icon-box-description\">\n\t\t\t\t\t\tan alle, die zur Entwicklung und Umsetzung von PIKTUU beigetragen haben:\t\t\t\t\t<\/p>\n\t\t\t\t\n\t\t\t<\/div>\n\t\t\t\n\t\t<\/div>\n\t\t\t\t\t\t<\/div>\n\t\t\t\t<\/div>\n\t\t\t\t<section class=\"elementor-section elementor-inner-section elementor-element elementor-element-05ecb2d elementor-section-boxed elementor-section-height-default elementor-section-height-default\" data-id=\"05ecb2d\" data-element_type=\"section\">\n\t\t\t\t\t\t<div class=\"elementor-container elementor-column-gap-no\">\n\t\t\t\t\t<div class=\"elementor-column elementor-col-50 elementor-inner-column elementor-element elementor-element-cf76dce\" data-id=\"cf76dce\" data-element_type=\"column\">\n\t\t\t<div class=\"elementor-widget-wrap elementor-element-populated\">\n\t\t\t\t\t\t<div class=\"elementor-element elementor-element-b547a2c elementor-widget elementor-widget-text-editor\" data-id=\"b547a2c\" data-element_type=\"widget\" data-widget_type=\"text-editor.default\">\n\t\t\t\t<div class=\"elementor-widget-container\">\n\t\t\t\t\t\t\t\t\t<p>Sascha Sudeick (Grafik)<\/p><p>Alexandra Wenz (Fotos Food &amp; Animals)<\/p><p>Polina Kheifets (\u00dcbersetzung)<\/p><p><span style=\"color: var( --e-global-color-text ); letter-spacing: 1.1px; word-spacing: var( --e-global-typography-c837e90-word-spacing );\">Melanie Rebasso (\u00dcbersetzung)<\/span><\/p><p><span style=\"color: var( --e-global-color-text ); letter-spacing: 1.1px; word-spacing: var( --e-global-typography-c837e90-word-spacing );\">Moustafa Khafagy (\u00dcbersetzung)<\/span><\/p><p><span style=\"color: var( --e-global-color-text ); letter-spacing: 1.1px; word-spacing: var( --e-global-typography-c837e90-word-spacing );\">Christian Heyne (Legal)<\/span><\/p><p>Nadim Razzouk (Grafik)<\/p>\t\t\t\t\t\t\t\t<\/div>\n\t\t\t\t<\/div>\n\t\t\t\t\t<\/div>\n\t\t<\/div>\n\t\t\t\t<div class=\"elementor-column elementor-col-50 elementor-inner-column elementor-element elementor-element-70e29c1\" data-id=\"70e29c1\" data-element_type=\"column\">\n\t\t\t<div class=\"elementor-widget-wrap elementor-element-populated\">\n\t\t\t\t\t\t<div class=\"elementor-element elementor-element-444b614 elementor-widget elementor-widget-text-editor\" data-id=\"444b614\" data-element_type=\"widget\" data-widget_type=\"text-editor.default\">\n\t\t\t\t<div class=\"elementor-widget-container\">\n\t\t\t\t\t\t\t\t\t<p>Robert Sindermann (Layout)<\/p><p>Philip v. Schlechtleitner (Grafik )<\/p><p>Jens Schwan (PR &amp; Verteilung)<\/p><p>Hendrick Melle (Div. Support)<\/p><p>Andreas Beck (Div. Support)<\/p><p><span style=\"letter-spacing: 1.1px;\">Doritt Schmidt (Div. Support)<\/span><\/p><p>Jessye Mc Dibs (Div. Support)<\/p>\t\t\t\t\t\t\t\t<\/div>\n\t\t\t\t<\/div>\n\t\t\t\t\t<\/div>\n\t\t<\/div>\n\t\t\t\t\t<\/div>\n\t\t<\/section>\n\t\t\t\t\t<\/div>\n\t\t<\/div>\n\t\t\t\t\t<\/div>\n\t\t<\/section>\n\t\t\t\t<\/div>\n\t\t","protected":false},"excerpt":{"rendered":"<p>Bilder sagen oft mehr als Worte. Unser interkulturelles und leicht verst\u00e4ndliches Kommunikationsdesign vereinfacht  Integration, Teilhabe und Interaktion.<\/p>\n","protected":false},"author":1,"featured_media":19220,"parent":0,"menu_order":0,"comment_status":"closed","ping_status":"closed","template":"","meta":{"footnotes":""},"class_list":["post-11695","page","type-page","status-publish","has-post-thumbnail","hentry"],"_links":{"self":[{"href":"https:\/\/piktuu.com\/de\/wp-json\/wp\/v2\/pages\/11695","targetHints":{"allow":["GET"]}}],"collection":[{"href":"https:\/\/piktuu.com\/de\/wp-json\/wp\/v2\/pages"}],"about":[{"href":"https:\/\/piktuu.com\/de\/wp-json\/wp\/v2\/types\/page"}],"author":[{"embeddable":true,"href":"https:\/\/piktuu.com\/de\/wp-json\/wp\/v2\/users\/1"}],"replies":[{"embeddable":true,"href":"https:\/\/piktuu.com\/de\/wp-json\/wp\/v2\/comments?post=11695"}],"version-history":[{"count":0,"href":"https:\/\/piktuu.com\/de\/wp-json\/wp\/v2\/pages\/11695\/revisions"}],"wp:featuredmedia":[{"embeddable":true,"href":"https:\/\/piktuu.com\/de\/wp-json\/wp\/v2\/media\/19220"}],"wp:attachment":[{"href":"https:\/\/piktuu.com\/de\/wp-json\/wp\/v2\/media?parent=11695"}],"curies":[{"name":"wp","href":"https:\/\/api.w.org\/{rel}","templated":true}]}}